{"id":3373,"date":"2022-04-29T02:49:49","date_gmt":"2022-04-29T02:49:49","guid":{"rendered":"http:\/\/hotelezeiza.local\/lhotel\/"},"modified":"2022-12-28T12:25:26","modified_gmt":"2022-12-28T12:25:26","slug":"lhotel","status":"publish","type":"page","link":"https:\/\/hotelezeiza.com\/fr\/lhotel\/","title":{"rendered":"L&rsquo;h\u00f4tel"},"content":{"rendered":"\t\t<div data-elementor-type=\"wp-page\" data-elementor-id=\"3373\" class=\"elementor elementor-3373 elementor-76\">\n\t\t\t\t\t\t<section class=\"elementor-section elementor-top-section elementor-element elementor-element-a5ea5a6 elementor-section-full_width elementor-section-height-default elementor-section-height-default\" data-id=\"a5ea5a6\" data-element_type=\"section\" data-e-type=\"section\">\n\t\t\t\t\t\t<div class=\"elementor-container elementor-column-gap-no\">\n\t\t\t\t\t<div class=\"elementor-column elementor-col-100 elementor-top-column elementor-element elementor-element-40a22b6\" data-id=\"40a22b6\" data-element_type=\"column\" data-e-type=\"column\">\n\t\t\t<div class=\"elementor-widget-wrap elementor-element-populated\">\n\t\t\t\t\t\t<div class=\"elementor-element elementor-element-0790f65 elementor-align-left elementor-widget elementor-widget-pages-banner\" data-id=\"0790f65\" data-element_type=\"widget\" data-e-type=\"widget\" data-widget_type=\"pages-banner.default\">\n\t\t\t\t<div class=\"elementor-widget-container\">\n\t\t\t\t\t\r\n\t\t\t\t<div class=\"banner-header section-padding valign bg-img bg-fixed\" data-overlay-dark=\"4\" data-background=\"https:\/\/hotelezeiza.com\/wp-content\/uploads\/2022\/11\/Hotel-ezeiza-san-sebastian-per_1920x1080.jpg\">\r\n\t\t\t\t\t<div class=\"container\">\r\n\t\t\t\t<div class=\"row\">\r\n\t\t\t\t\t<div class=\"col-md-12 caption mt-90\">\r\n\t\t\t\t\t\t\t\t\t\t\t\t\t\t\t\t\t\t<h1>L'h\u00f4tel<\/h1>\r\n\t\t\t\t\t\t\t\t\t\t\t<\/div>\r\n\t\t\t\t<\/div>\r\n\t\t\t<\/div>\r\n\t\t<\/div>\r\n\r\n\t\t\t\t\t<\/div>\n\t\t\t\t<\/div>\n\t\t\t\t\t<\/div>\n\t\t<\/div>\n\t\t\t\t\t<\/div>\n\t\t<\/section>\n\t\t\t\t<section class=\"elementor-section elementor-top-section elementor-element elementor-element-aa3fb66 elementor-section-full_width elementor-section-height-default elementor-section-height-default\" data-id=\"aa3fb66\" data-element_type=\"section\" data-e-type=\"section\">\n\t\t\t\t\t\t<div class=\"elementor-container elementor-column-gap-no\">\n\t\t\t\t\t<div class=\"elementor-column elementor-col-100 elementor-top-column elementor-element elementor-element-f447207\" data-id=\"f447207\" data-element_type=\"column\" data-e-type=\"column\">\n\t\t\t<div class=\"elementor-widget-wrap elementor-element-populated\">\n\t\t\t\t\t\t<div class=\"elementor-element elementor-element-e2d63b8 elementor-align-left elementor-widget elementor-widget-home-about\" data-id=\"e2d63b8\" data-element_type=\"widget\" data-e-type=\"widget\" data-widget_type=\"home-about.default\">\n\t\t\t\t<div class=\"elementor-widget-container\">\n\t\t\t\t\t\r\n\t\t<section class=\"about section-padding\">\r\n\t\t\t<h2 style=\"display: none!important;\">The Cappa<\/h2>\r\n\t\t\t<div class=\"container\">\r\n\t\t\t\t<div class=\"row\">\r\n\t\t\t\t\t<div class=\"col-md-6 mb-30 animate-box\" data-animate-effect=\"fadeInUp\">\r\n\t\t\t\t\t\t<span>\r\n\t\t\t\t\t\t\t\t\t\t\t\t\t\t\t<i class=\"star-rating\"><\/i>\r\n\t\t\t\t\t\t\t\t<i class=\"star-rating\"><\/i>\r\n\t\t\t\t\t\t\t\t\t\t\t\t\t<\/span>\r\n\t\t\t\t\t\t\t\t\t\t\t\t<div class=\"section-subtitle\">HOTEL EZEIZA<\/div>\r\n\t\t\t\t\t\t\t\t\t\t\t\t\t\t\t\t\t\t<div class=\"section-title\">Un espace accueillant au bord de la plage<\/div>\r\n\t\t\t\t\t\t\t\t\t\t\t\t\t\t\t\t\t\t<p> Nous disposons de 30 chambres de diff\u00e9rents types afin que vous puissiez choisir celle qui vous convient le mieux. Doubles, doubles avec vue sur la mer, simples, doubles avec canap\u00e9-lit, ainsi que des chambres communicantes pour les familles.<\/p>\t\t\t\t\t\t\t\t\t\t\t\t<!-- call -->\r\n\t\t\t\t\t\t\t\t\t\t\t\t<div class=\"reservations\">\r\n\t\t\t\t\t\t\t<div class=\"icon\"><span class=\"flaticon-call\"><\/span><\/div>\r\n\t\t\t\t\t\t\t<div class=\"text\">\r\n\t\t\t\t\t\t\t\t<p>R\u00e9servation<\/p> <a href=\"tel:943 214 311\">943 214 311<\/a>\t\t\t\t\t\t\t<\/div>\r\n\t\t\t\t\t\t<\/div>\r\n\t\t\t\t\t\t\t\t\t\t\t<\/div>\r\n\t\t\t\t\t\t\t\t\t\t<div class=\"col col-md-3 animate-box\" data-animate-effect=\"fadeInUp\">\r\n\t\t\t\t\t\t<img decoding=\"async\" src=\"https:\/\/hotelezeiza.com\/wp-content\/uploads\/2022\/11\/habitacion_doble-basic.png\" alt=\"\" class=\"mt-90 mb-30\">\r\n\t\t\t\t\t<\/div>\r\n\t\t\t\t\t\t\t\t\t\t\t\t\t\t\t<div class=\"col col-md-3 animate-box\" data-animate-effect=\"fadeInUp\">\r\n\t\t\t\t\t\t<img decoding=\"async\" src=\"https:\/\/hotelezeiza.com\/wp-content\/uploads\/2022\/11\/habitacion_doble.png\" alt=\"\">\r\n\t\t\t\t\t<\/div>\r\n\t\t\t\t\t\t\t\t\t<\/div>\r\n\t\t\t<\/div>\r\n\t\t<\/section>\r\n\r\n\t\t\t\t\t<\/div>\n\t\t\t\t<\/div>\n\t\t\t\t\t<\/div>\n\t\t<\/div>\n\t\t\t\t\t<\/div>\n\t\t<\/section>\n\t\t\t\t<section class=\"elementor-section elementor-top-section elementor-element elementor-element-c6043d9 elementor-section-full_width elementor-section-height-default elementor-section-height-default\" data-id=\"c6043d9\" data-element_type=\"section\" data-e-type=\"section\">\n\t\t\t\t\t\t<div class=\"elementor-container elementor-column-gap-no\">\n\t\t\t\t\t<div class=\"elementor-column elementor-col-100 elementor-top-column elementor-element elementor-element-f9b03d5\" data-id=\"f9b03d5\" data-element_type=\"column\" data-e-type=\"column\">\n\t\t\t<div class=\"elementor-widget-wrap elementor-element-populated\">\n\t\t\t\t\t\t<div class=\"elementor-element elementor-element-601a075 elementor-align-center elementor-widget elementor-widget-home-services\" data-id=\"601a075\" data-element_type=\"widget\" data-e-type=\"widget\" data-widget_type=\"home-services.default\">\n\t\t\t\t<div class=\"elementor-widget-container\">\n\t\t\t\t\t\r\n\t\t<section class=\"facilties section-padding\">\r\n\t\t\t<div class=\"container\">\r\n\t\t\t\t<div class=\"row\">\r\n\t\t\t\t\t<div class=\"col-md-12\">\r\n\t\t\t\t\t\t\t\t\t\t\t\t\t<div class=\"section-subtitle\">NOS SERVICES <\/div>\r\n\t\t\t\t\t\t\t\t\t\t\t\t\t\t\t\t\t\t\t<div class=\"section-title\">Pour que votre s\u00e9jour soit parfait<\/div>\r\n\t\t\t\t\t\t\t\t\t\t\t<\/div>\r\n\t\t\t\t<\/div>\r\n\t\t\t\t<div class=\"row\">\r\n\t\t\t\t\t\t\t\t\t\t\t<div class=\"col-md-4\">\r\n\t\t\t\t\t\t\t<div class=\"single-facility animate-box\" data-animate-effect=\"fadeInUp\">\r\n\t\t\t\t\t\t\t\t\t\t\t\t\t\t\t\t\t<span class=\"flaticon-marker\"><\/span>\r\n\t\t\t\t\t\t\t\t\t\t\t\t\t\t\t\t\t\t\t\t\t\t\t\t\t<h5>En bord de mer<\/h5>\r\n\t\t\t\t\t\t\t\t\t\t\t\t\t\t\t\t\t\t\t\t\t\t\t\t\t<p>Vous nous trouverez en face de la plage d'Ondarreta.<br><br> <\/p>\r\n\t\t\t\t\t\t\t\t\t\t\t\t\t\t\t\t\t\t\t\t\t\t\t\t\t<div class=\"facility-shape\">\r\n\t\t\t\t\t\t\t\t\t\t<span class=\"flaticon-marker\"><\/span> \r\n\t\t\t\t\t\t\t\t\t<\/div>\r\n\t\t\t\t\t\t\t\t\t\t\t\t\t\t\t<\/div>\r\n\t\t\t\t\t\t<\/div>\r\n\t\t\t\t\t\t\t\t\t\t\t<div class=\"col-md-4\">\r\n\t\t\t\t\t\t\t<div class=\"single-facility animate-box\" data-animate-effect=\"fadeInUp\">\r\n\t\t\t\t\t\t\t\t\t\t\t\t\t\t\t\t\t<span class=\"flaticon-car\"><\/span>\r\n\t\t\t\t\t\t\t\t\t\t\t\t\t\t\t\t\t\t\t\t\t\t\t\t\t<h5>Garage priv\u00e9<\/h5>\r\n\t\t\t\t\t\t\t\t\t\t\t\t\t\t\t\t\t\t\t\t\t\t\t\t\t<p>L\u2019h\u00f4tel met \u00e0 disposition de ses clients un garage priv\u00e9 . R\u00e9servation obligatoire (co\u00fbt suppl\u00e9mentaire).  <br><\/p>\r\n\t\t\t\t\t\t\t\t\t\t\t\t\t\t\t\t\t\t\t\t\t\t\t\t\t<div class=\"facility-shape\">\r\n\t\t\t\t\t\t\t\t\t\t<span class=\"flaticon-car\"><\/span> \r\n\t\t\t\t\t\t\t\t\t<\/div>\r\n\t\t\t\t\t\t\t\t\t\t\t\t\t\t\t<\/div>\r\n\t\t\t\t\t\t<\/div>\r\n\t\t\t\t\t\t\t\t\t\t\t<div class=\"col-md-4\">\r\n\t\t\t\t\t\t\t<div class=\"single-facility animate-box\" data-animate-effect=\"fadeInUp\">\r\n\t\t\t\t\t\t\t\t\t\t\t\t\t\t\t\t\t<span class=\"flaticon-bed\"><\/span>\r\n\t\t\t\t\t\t\t\t\t\t\t\t\t\t\t\t\t\t\t\t\t\t\t\t\t<h5>Chambres familiales<\/h5>\r\n\t\t\t\t\t\t\t\t\t\t\t\t\t\t\t\t\t\t\t\t\t\t\t\t\t<p>Nous mettons \u00e0 votre disposition des chambres communicantes pour que vous puissiez nous rendre visite en famille. <\/p>\r\n\t\t\t\t\t\t\t\t\t\t\t\t\t\t\t\t\t\t\t\t\t\t\t\t\t<div class=\"facility-shape\">\r\n\t\t\t\t\t\t\t\t\t\t<span class=\"flaticon-bed\"><\/span> \r\n\t\t\t\t\t\t\t\t\t<\/div>\r\n\t\t\t\t\t\t\t\t\t\t\t\t\t\t\t<\/div>\r\n\t\t\t\t\t\t<\/div>\r\n\t\t\t\t\t\t\t\t\t\t\t<div class=\"col-md-4\">\r\n\t\t\t\t\t\t\t<div class=\"single-facility animate-box\" data-animate-effect=\"fadeInUp\">\r\n\t\t\t\t\t\t\t\t\t\t\t\t\t\t\t\t\t<span class=\"flaticon-towel\"><\/span>\r\n\t\t\t\t\t\t\t\t\t\t\t\t\t\t\t\t\t\t\t\t\t\t\t\t\t<h5>Laverie<\/h5>\r\n\t\t\t\t\t\t\t\t\t\t\t\t\t\t\t\t\t\t\t\t\t\t\t\t\t<p>Si vous avez besoin de laver un v\u00eatement, nous nous occuperons de cela pour vous. <br> <br> <br><\/p>\r\n\t\t\t\t\t\t\t\t\t\t\t\t\t\t\t\t\t\t\t\t\t\t\t\t\t<div class=\"facility-shape\">\r\n\t\t\t\t\t\t\t\t\t\t<span class=\"flaticon-towel\"><\/span> \r\n\t\t\t\t\t\t\t\t\t<\/div>\r\n\t\t\t\t\t\t\t\t\t\t\t\t\t\t\t<\/div>\r\n\t\t\t\t\t\t<\/div>\r\n\t\t\t\t\t\t\t\t\t\t\t<div class=\"col-md-4\">\r\n\t\t\t\t\t\t\t<div class=\"single-facility animate-box\" data-animate-effect=\"fadeInUp\">\r\n\t\t\t\t\t\t\t\t\t\t\t\t\t\t\t\t\t<span class=\"flaticon-shield\"><\/span>\r\n\t\t\t\t\t\t\t\t\t\t\t\t\t\t\t\t\t\t\t\t\t\t\t\t\t<h5>Consigne \u00e0 bagages<\/h5>\r\n\t\t\t\t\t\t\t\t\t\t\t\t\t\t\t\t\t\t\t\t\t\t\t\t\t<p>Disponible \u00e0 la r\u00e9ception.<br> <br> <br><br><\/p>\r\n\t\t\t\t\t\t\t\t\t\t\t\t\t\t\t\t\t\t\t\t\t\t\t\t\t<div class=\"facility-shape\">\r\n\t\t\t\t\t\t\t\t\t\t<span class=\"flaticon-shield\"><\/span> \r\n\t\t\t\t\t\t\t\t\t<\/div>\r\n\t\t\t\t\t\t\t\t\t\t\t\t\t\t\t<\/div>\r\n\t\t\t\t\t\t<\/div>\r\n\t\t\t\t\t\t\t\t\t\t\t<div class=\"col-md-4\">\r\n\t\t\t\t\t\t\t<div class=\"single-facility animate-box\" data-animate-effect=\"fadeInUp\">\r\n\t\t\t\t\t\t\t\t\t\t\t\t\t\t\t\t\t<span class=\"flaticon-coffee-cup\"><\/span>\r\n\t\t\t\t\t\t\t\t\t\t\t\t\t\t\t\t\t\t\t\t\t\t\t\t\t<h5>Caf\u00e9t\u00e9ria et restaurant<\/h5>\r\n\t\t\t\t\t\t\t\t\t\t\t\t\t\t\t\t\t\t\t\t\t\t\t\t\t<p>Grand choix de produits pour le petit-d\u00e9jeuner, le d\u00e9jeuner et le d\u00eener. <br> Lundi au vendredi : 7H30-23H00 | Samedi et dimanche : 8H00-23H00<\/p>\r\n\t\t\t\t\t\t\t\t\t\t\t\t\t\t\t\t\t\t\t\t\t\t\t\t\t<div class=\"facility-shape\">\r\n\t\t\t\t\t\t\t\t\t\t<span class=\"flaticon-coffee-cup\"><\/span> \r\n\t\t\t\t\t\t\t\t\t<\/div>\r\n\t\t\t\t\t\t\t\t\t\t\t\t\t\t\t<\/div>\r\n\t\t\t\t\t\t<\/div>\r\n\t\t\t\t\t\t\t\t\t<\/div>\r\n\t\t\t<\/div>\r\n\t\t<\/section>\r\n\r\n\t\t\t\t\t<\/div>\n\t\t\t\t<\/div>\n\t\t\t\t\t<\/div>\n\t\t<\/div>\n\t\t\t\t\t<\/div>\n\t\t<\/section>\n\t\t\t\t<section class=\"elementor-section elementor-top-section elementor-element elementor-element-4937052 testimonials elementor-section-boxed elementor-section-height-default elementor-section-height-default\" data-id=\"4937052\" data-element_type=\"section\" data-e-type=\"section\" data-settings=\"{&quot;background_background&quot;:&quot;classic&quot;}\">\n\t\t\t\t\t\t<div class=\"elementor-container elementor-column-gap-default\">\n\t\t\t\t\t<div class=\"elementor-column elementor-col-50 elementor-top-column elementor-element elementor-element-801a8a5\" data-id=\"801a8a5\" data-element_type=\"column\" data-e-type=\"column\">\n\t\t\t<div class=\"elementor-widget-wrap elementor-element-populated\">\n\t\t\t\t\t\t<div class=\"elementor-element elementor-element-0a6304e elementor-widget elementor-widget-spacer\" data-id=\"0a6304e\" data-element_type=\"widget\" data-e-type=\"widget\" data-widget_type=\"spacer.default\">\n\t\t\t\t<div class=\"elementor-widget-container\">\n\t\t\t\t\t\t\t<div class=\"elementor-spacer\">\n\t\t\t<div class=\"elementor-spacer-inner\"><\/div>\n\t\t<\/div>\n\t\t\t\t\t\t<\/div>\n\t\t\t\t<\/div>\n\t\t\t\t\t<\/div>\n\t\t<\/div>\n\t\t\t\t<div class=\"elementor-column elementor-col-50 elementor-top-column elementor-element elementor-element-9a55470\" data-id=\"9a55470\" data-element_type=\"column\" data-e-type=\"column\">\n\t\t\t<div class=\"elementor-widget-wrap elementor-element-populated\">\n\t\t\t\t\t\t<div class=\"elementor-element elementor-element-3c46c4b elementor-absolute elementor-widget elementor-widget-html\" data-id=\"3c46c4b\" data-element_type=\"widget\" data-e-type=\"widget\" id=\"booking-box\" data-settings=\"{&quot;_position&quot;:&quot;absolute&quot;}\" data-widget_type=\"html.default\">\n\t\t\t\t<div class=\"elementor-widget-container\">\n\t\t\t\t\t<div class=\"booking-inner\">\n<form action=\"https:\/\/engine.witbooking.com\/hotelezeiza.com\/availability\" method=\"get\" target=\"_blank\" class=\"wpcf7-form init\">\n<div class=\"form1 clearfix\">\n<div class=\"row\">\n<div class=\"col-md-12\">\n<div class=\"input1_wrapper\">\n    <label>Check in<\/label>\n    <div class=\"input1_inner\">\n        <span class=\"wpcf7-form-control-wrap\" data-name=\"check-in\"><input type=\"date\" name=\"fini\" value=\"\" size=\"40\" class=\"wpcf7-form-control wpcf7-text wpcf7-validates-as-required form-control input datepicker hasDatepicker\" placeholder=\"Arriv\u00e9es\"><\/span>\n    <\/div>\n<\/div>\n<\/div>\n<div class=\"col-md-12\">\n<div class=\"input1_wrapper\">\n    <label>Check out<\/label>\n    <div class=\"input1_inner\">\n        <span class=\"wpcf7-form-control-wrap\" data-name=\"check-out\"><input type=\"date\" name=\"fout\" value=\"\" size=\"40\" class=\"wpcf7-form-control wpcf7-text wpcf7-validates-as-required form-control input datepicker hasDatepicker\" placeholder=\"D\u00e9parts\"><\/span>\n    <\/div>\n<\/div>\n<\/div>\n<div class=\"col-md-6\">\n<div class=\"select1_wrapper\">\n    <label>les personnes<\/label>\n    <div class=\"select1_inner\">\n        <span class=\"wpcf7-form-control-wrap\" data-name=\"personas\">\n        <select name=\"personas\" class=\"select2\">\n            <option value=\"\">les personnes<\/option>\n            <option value=\"1\">1<\/option>\n            <option value=\"2\">2<\/option>\n            <option value=\"3\">3<\/option>\n        <\/select>\n        <\/span>\n    <\/div>\n<\/div>\n<\/div>\n<div class=\"col-md-12\">\n    <input type=\"submit\" value=\"Rechercher la disponibilit\u00e9\" class=\"wpcf7-form-control has-spinner wpcf7-submit btn-form1-submit mt-15\"><span class=\"wpcf7-spinner\"><\/span>\n<\/div>\n<\/div>\n<\/div>\n<\/form>\n<\/div>\n\n<script>\n$(document).ready(function() {\n    $('#adultos').select2();\n    $('#ninos').select2();\n});\n<\/script>\t\t\t\t<\/div>\n\t\t\t\t<\/div>\n\t\t\t\t\t<\/div>\n\t\t<\/div>\n\t\t\t\t\t<\/div>\n\t\t<\/section>\n\t\t\t\t<section class=\"elementor-section elementor-top-section elementor-element elementor-element-1b0b662 elementor-section-boxed elementor-section-height-default elementor-section-height-default\" data-id=\"1b0b662\" data-element_type=\"section\" data-e-type=\"section\">\n\t\t\t\t\t\t<div class=\"elementor-container elementor-column-gap-default\">\n\t\t\t\t\t<div class=\"elementor-column elementor-col-100 elementor-top-column elementor-element elementor-element-9cfe330\" data-id=\"9cfe330\" data-element_type=\"column\" data-e-type=\"column\">\n\t\t\t<div class=\"elementor-widget-wrap elementor-element-populated\">\n\t\t\t\t\t\t<div class=\"elementor-element elementor-element-2b6ea69 elementor-align-center elementor-widget elementor-widget-home-services-2\" data-id=\"2b6ea69\" data-element_type=\"widget\" data-e-type=\"widget\" data-widget_type=\"home-services-2.default\">\n\t\t\t\t<div class=\"elementor-widget-container\">\n\t\t\t\t\t\r\n\t\t<section class=\"services section-padding\">\r\n\t\t\t<div class=\"container\">\r\n\t\t\t\t\t\t\t\t\t\t\t\t\t\t\t<div class=\"row\">\r\n\t\t\t\t\t\t\t<div class=\"col-md-6 p-0 animate-box\" data-animate-effect=\"fadeInLeft\">\r\n\t\t\t\t\t\t\t\t\t\t\t\t\t\t\t\t\t<div class=\"img left\">\r\n\t\t\t\t\t\t\t\t\t\t<a href=\"\/cafeteria-restaurante\/\"><img decoding=\"async\" src=\"https:\/\/hotelezeiza.com\/wp-content\/uploads\/2022\/11\/hotel-ezeiza_inicio_ensaladilla.png\" alt=\"\"><\/a>\r\n\t\t\t\t\t\t\t\t\t<\/div>\r\n\t\t\t\t\t\t\t\t\t\t\t\t\t\t\t<\/div>\r\n\t\t\t\t\t\t\t\t\t\t\t\t\t\t<div class=\"col-md-6 p-0 bg-cream valign animate-box\" data-animate-effect=\"fadeInRight\">\r\n\t\t\t\t\t\t\t\t \r\n\t\t\t\t\t\t\t\t<div class=\"content\">\r\n\t\t\t\t\t\t\t\t\t<div class=\"cont text-left\">\r\n\t\t\t\t\t\t\t\t\t\t\t\t\t\t\t\t\t\t\t\t\t\t\t\t\t\t\t\t\t\t\t<h4>Caf\u00e9t\u00e9ria et restaurant<\/h4>\r\n\t\t\t\t\t\t\t\t\t\t\t\t\t\t\t\t\t\t\t\t\t\t\t\t\t\t\t\t\t\t\t<p>Un grand choix gastronomique \u00e9labor\u00e9 avec beaucoup de soin et adapt\u00e9 \u00e0 tous les palais et toutes les envies.<\/p>\r\n\t\t\t\t\t\t\t\t\t\t\t\t\t\t\t\t\t\t\t\t\t\t\t\t\t\t\t\t\t\t\t<div class=\"butn-dark\"> <a href=\"\/cafeteria-restaurante\/\"><span>Voir plus<\/span><\/a> <\/div>\r\n\t\t\t\t\t\t\t\t\t\t\t\t\t\t\t\t\t\t\t<\/div>\r\n\t\t\t\t\t\t\t\t<\/div>\r\n\t\t\t\t\t\t\t<\/div>\r\n\t\t\t\t\t\t<\/div>\r\n\t\t\t\t\t\t\t\t\t\t\t\t\t\t\t\t\t\t\t\t\t\t\t<div class=\"row\">\r\n\t\t\t\t\t\t\t\t\t\t\t\t\t\t\t\t<div class=\"col-md-6 bg-cream p-0 order2 valign animate-box\" data-animate-effect=\"fadeInLeft\">\r\n\t\t\t\t\t\t\t\t\t \r\n\t\t\t\t\t\t\t\t\t<div class=\"content\">\r\n\t\t\t\t\t\t\t\t\t\t<div class=\"cont text-left\">\r\n\t\t\t\t\t\t\t\t\t\t\t\t\t\t\t\t\t\t\t\t\t\t\t\t\t\t\t\t\t\t\t\t\t\t<h4>Une exp\u00e9rience unique <\/h4>\r\n\t\t\t\t\t\t\t\t\t\t\t\t\t\t\t\t\t\t\t\t\t\t\t\t\t\t\t\t\t\t\t\t\t\t<p>Sentir Donostia-Saint S\u00e9bastien. Une ville pleine d'histoire, de culture et de gastronomie. Nous vous invitons \u00e0 d\u00e9couvrir les lieux les plus embl\u00e9matiques de l'un des joyaux du pays.<\/p>\r\n\t\t\t\t\t\t\t\t\t\t\t\t\t\t\t\t\t\t\t\t\t\t\t\t\t\t\t\t\t\t\t\t\t\t<div class=\"butn-dark\"> <a href=\"\/conoce-donostia\/\"><span>DONOSTIA<\/span><\/a> <\/div>\r\n\t\t\t\t\t\t\t\t\t\t\t\t\t\t\t\t\t\t\t\t\t<\/div>\r\n\t\t\t\t\t\t\t\t\t<\/div>\r\n\t\t\t\t\t\t\t\t<\/div>\r\n\t\t\t\t\t\t\t\t<div class=\"col-md-6 p-0 order1 animate-box\" data-animate-effect=\"fadeInRight\">\r\n\t\t\t\t\t\t\t\t\t\t\t\t\t\t\t\t\t\t\t<div class=\"img\">\r\n\t\t\t\t\t\t\t\t\t\t\t<a href=\"\/conoce-donostia\/\"><img decoding=\"async\" src=\"https:\/\/hotelezeiza.com\/wp-content\/uploads\/2022\/11\/kylie-paz-bErakFA8-dc-unsplash-scaled.jpg\" alt=\"\"><\/a>\r\n\t\t\t\t\t\t\t\t\t\t<\/div>\r\n\t\t\t\t\t\t\t\t\t\t\t\t\t\t\t\t\t<\/div>\r\n\t\t\t\t\t\t\t<\/div>\r\n\t\t\t\t\t\t\t\t\t\t\t\t\t\t\t<\/div>\r\n\t\t\t<\/section>\r\n\r\n\r\n\t\t\t\t\t<\/div>\n\t\t\t\t<\/div>\n\t\t\t\t\t<\/div>\n\t\t<\/div>\n\t\t\t\t\t<\/div>\n\t\t<\/section>\n\t\t\t\t<\/div>\n\t\t","protected":false},"excerpt":{"rendered":"<p>L&rsquo;h\u00f4tel The Cappa HOTEL EZEIZA Un espace accueillant au bord de la plage Nous disposons de 30 chambres de diff\u00e9rents types afin que vous puissiez choisir celle qui vous convient le mieux. Doubles, doubles avec vue sur la mer, simples, doubles avec canap\u00e9-lit, ainsi que des chambres communicantes pour les familles. R\u00e9servation 943 214 311 [&hellip;]<\/p>\n","protected":false},"author":1,"featured_media":3093,"parent":0,"menu_order":0,"comment_status":"closed","ping_status":"closed","template":"page-templates\/home.php","meta":{"footnotes":""},"class_list":["post-3373","page","type-page","status-publish","has-post-thumbnail","hentry"],"yoast_head":"<!-- This site is optimized with the Yoast SEO plugin v27.0 - https:\/\/yoast.com\/product\/yoast-seo-wordpress\/ -->\n<title>Nuestro Hotel - Hotel Ezeiza<\/title>\n<meta name=\"description\" content=\"L&#039;h\u00f4tel est un espace confortable directement sur la plage d&#039;Ondarreta avec une large gamme de services et de chambres \u00e0 la disposition de nos clients.\" \/>\n<meta name=\"robots\" content=\"index, follow, max-snippet:-1, max-image-preview:large, max-video-preview:-1\" \/>\n<link rel=\"canonical\" href=\"https:\/\/hotelezeiza.com\/fr\/lhotel\/\" \/>\n<meta property=\"og:locale\" content=\"fr_FR\" \/>\n<meta property=\"og:type\" content=\"article\" \/>\n<meta property=\"og:title\" content=\"Nuestro Hotel - Hotel Ezeiza\" \/>\n<meta property=\"og:description\" content=\"L&#039;h\u00f4tel est un espace confortable directement sur la plage d&#039;Ondarreta avec une large gamme de services et de chambres \u00e0 la disposition de nos clients.\" \/>\n<meta property=\"og:url\" content=\"https:\/\/hotelezeiza.com\/fr\/lhotel\/\" \/>\n<meta property=\"og:site_name\" content=\"Hotel Ezeiza\" \/>\n<meta property=\"article:modified_time\" content=\"2022-12-28T12:25:26+00:00\" \/>\n<meta property=\"og:image\" content=\"https:\/\/hotelezeiza.com\/wp-content\/uploads\/2022\/11\/hotel-ezeiza_inicio_exterior.png\" \/>\n\t<meta property=\"og:image:width\" content=\"800\" \/>\n\t<meta property=\"og:image:height\" content=\"800\" \/>\n\t<meta property=\"og:image:type\" content=\"image\/png\" \/>\n<meta name=\"twitter:card\" content=\"summary_large_image\" \/>\n<meta name=\"twitter:label1\" content=\"Dur\u00e9e de lecture estim\u00e9e\" \/>\n\t<meta name=\"twitter:data1\" content=\"2 minutes\" \/>\n<script type=\"application\/ld+json\" class=\"yoast-schema-graph\">{\"@context\":\"https:\/\/schema.org\",\"@graph\":[{\"@type\":\"WebPage\",\"@id\":\"https:\/\/hotelezeiza.com\/fr\/lhotel\/\",\"url\":\"https:\/\/hotelezeiza.com\/fr\/lhotel\/\",\"name\":\"Nuestro Hotel - Hotel Ezeiza\",\"isPartOf\":{\"@id\":\"https:\/\/hotelezeiza.com\/#website\"},\"primaryImageOfPage\":{\"@id\":\"https:\/\/hotelezeiza.com\/fr\/lhotel\/#primaryimage\"},\"image\":{\"@id\":\"https:\/\/hotelezeiza.com\/fr\/lhotel\/#primaryimage\"},\"thumbnailUrl\":\"https:\/\/hotelezeiza.com\/wp-content\/uploads\/2022\/11\/hotel-ezeiza_inicio_exterior.png\",\"datePublished\":\"2022-04-29T02:49:49+00:00\",\"dateModified\":\"2022-12-28T12:25:26+00:00\",\"description\":\"L'h\u00f4tel est un espace confortable directement sur la plage d'Ondarreta avec une large gamme de services et de chambres \u00e0 la disposition de nos clients.\",\"breadcrumb\":{\"@id\":\"https:\/\/hotelezeiza.com\/fr\/lhotel\/#breadcrumb\"},\"inLanguage\":\"fr-FR\",\"potentialAction\":[{\"@type\":\"ReadAction\",\"target\":[\"https:\/\/hotelezeiza.com\/fr\/lhotel\/\"]}]},{\"@type\":\"ImageObject\",\"inLanguage\":\"fr-FR\",\"@id\":\"https:\/\/hotelezeiza.com\/fr\/lhotel\/#primaryimage\",\"url\":\"https:\/\/hotelezeiza.com\/wp-content\/uploads\/2022\/11\/hotel-ezeiza_inicio_exterior.png\",\"contentUrl\":\"https:\/\/hotelezeiza.com\/wp-content\/uploads\/2022\/11\/hotel-ezeiza_inicio_exterior.png\",\"width\":800,\"height\":800},{\"@type\":\"BreadcrumbList\",\"@id\":\"https:\/\/hotelezeiza.com\/fr\/lhotel\/#breadcrumb\",\"itemListElement\":[{\"@type\":\"ListItem\",\"position\":1,\"name\":\"Portada\",\"item\":\"https:\/\/hotelezeiza.com\/fr\/\"},{\"@type\":\"ListItem\",\"position\":2,\"name\":\"L&#8217;h\u00f4tel\"}]},{\"@type\":\"WebSite\",\"@id\":\"https:\/\/hotelezeiza.com\/#website\",\"url\":\"https:\/\/hotelezeiza.com\/\",\"name\":\"Hotel Ezeiza\",\"description\":\"Hotel familiar situado en primera l\u00ednea de Playa\",\"potentialAction\":[{\"@type\":\"SearchAction\",\"target\":{\"@type\":\"EntryPoint\",\"urlTemplate\":\"https:\/\/hotelezeiza.com\/?s={search_term_string}\"},\"query-input\":{\"@type\":\"PropertyValueSpecification\",\"valueRequired\":true,\"valueName\":\"search_term_string\"}}],\"inLanguage\":\"fr-FR\"}]}<\/script>\n<!-- \/ Yoast SEO plugin. -->","yoast_head_json":{"title":"Nuestro Hotel - Hotel Ezeiza","description":"L'h\u00f4tel est un espace confortable directement sur la plage d'Ondarreta avec une large gamme de services et de chambres \u00e0 la disposition de nos clients.","robots":{"index":"index","follow":"follow","max-snippet":"max-snippet:-1","max-image-preview":"max-image-preview:large","max-video-preview":"max-video-preview:-1"},"canonical":"https:\/\/hotelezeiza.com\/fr\/lhotel\/","og_locale":"fr_FR","og_type":"article","og_title":"Nuestro Hotel - Hotel Ezeiza","og_description":"L'h\u00f4tel est un espace confortable directement sur la plage d'Ondarreta avec une large gamme de services et de chambres \u00e0 la disposition de nos clients.","og_url":"https:\/\/hotelezeiza.com\/fr\/lhotel\/","og_site_name":"Hotel Ezeiza","article_modified_time":"2022-12-28T12:25:26+00:00","og_image":[{"width":800,"height":800,"url":"https:\/\/hotelezeiza.com\/wp-content\/uploads\/2022\/11\/hotel-ezeiza_inicio_exterior.png","type":"image\/png"}],"twitter_card":"summary_large_image","twitter_misc":{"Dur\u00e9e de lecture estim\u00e9e":"2 minutes"},"schema":{"@context":"https:\/\/schema.org","@graph":[{"@type":"WebPage","@id":"https:\/\/hotelezeiza.com\/fr\/lhotel\/","url":"https:\/\/hotelezeiza.com\/fr\/lhotel\/","name":"Nuestro Hotel - Hotel Ezeiza","isPartOf":{"@id":"https:\/\/hotelezeiza.com\/#website"},"primaryImageOfPage":{"@id":"https:\/\/hotelezeiza.com\/fr\/lhotel\/#primaryimage"},"image":{"@id":"https:\/\/hotelezeiza.com\/fr\/lhotel\/#primaryimage"},"thumbnailUrl":"https:\/\/hotelezeiza.com\/wp-content\/uploads\/2022\/11\/hotel-ezeiza_inicio_exterior.png","datePublished":"2022-04-29T02:49:49+00:00","dateModified":"2022-12-28T12:25:26+00:00","description":"L'h\u00f4tel est un espace confortable directement sur la plage d'Ondarreta avec une large gamme de services et de chambres \u00e0 la disposition de nos clients.","breadcrumb":{"@id":"https:\/\/hotelezeiza.com\/fr\/lhotel\/#breadcrumb"},"inLanguage":"fr-FR","potentialAction":[{"@type":"ReadAction","target":["https:\/\/hotelezeiza.com\/fr\/lhotel\/"]}]},{"@type":"ImageObject","inLanguage":"fr-FR","@id":"https:\/\/hotelezeiza.com\/fr\/lhotel\/#primaryimage","url":"https:\/\/hotelezeiza.com\/wp-content\/uploads\/2022\/11\/hotel-ezeiza_inicio_exterior.png","contentUrl":"https:\/\/hotelezeiza.com\/wp-content\/uploads\/2022\/11\/hotel-ezeiza_inicio_exterior.png","width":800,"height":800},{"@type":"BreadcrumbList","@id":"https:\/\/hotelezeiza.com\/fr\/lhotel\/#breadcrumb","itemListElement":[{"@type":"ListItem","position":1,"name":"Portada","item":"https:\/\/hotelezeiza.com\/fr\/"},{"@type":"ListItem","position":2,"name":"L&#8217;h\u00f4tel"}]},{"@type":"WebSite","@id":"https:\/\/hotelezeiza.com\/#website","url":"https:\/\/hotelezeiza.com\/","name":"Hotel Ezeiza","description":"Hotel familiar situado en primera l\u00ednea de Playa","potentialAction":[{"@type":"SearchAction","target":{"@type":"EntryPoint","urlTemplate":"https:\/\/hotelezeiza.com\/?s={search_term_string}"},"query-input":{"@type":"PropertyValueSpecification","valueRequired":true,"valueName":"search_term_string"}}],"inLanguage":"fr-FR"}]}},"_links":{"self":[{"href":"https:\/\/hotelezeiza.com\/fr\/wp-json\/wp\/v2\/pages\/3373","targetHints":{"allow":["GET"]}}],"collection":[{"href":"https:\/\/hotelezeiza.com\/fr\/wp-json\/wp\/v2\/pages"}],"about":[{"href":"https:\/\/hotelezeiza.com\/fr\/wp-json\/wp\/v2\/types\/page"}],"author":[{"embeddable":true,"href":"https:\/\/hotelezeiza.com\/fr\/wp-json\/wp\/v2\/users\/1"}],"replies":[{"embeddable":true,"href":"https:\/\/hotelezeiza.com\/fr\/wp-json\/wp\/v2\/comments?post=3373"}],"version-history":[{"count":25,"href":"https:\/\/hotelezeiza.com\/fr\/wp-json\/wp\/v2\/pages\/3373\/revisions"}],"predecessor-version":[{"id":4071,"href":"https:\/\/hotelezeiza.com\/fr\/wp-json\/wp\/v2\/pages\/3373\/revisions\/4071"}],"wp:featuredmedia":[{"embeddable":true,"href":"https:\/\/hotelezeiza.com\/fr\/wp-json\/wp\/v2\/media\/3093"}],"wp:attachment":[{"href":"https:\/\/hotelezeiza.com\/fr\/wp-json\/wp\/v2\/media?parent=3373"}],"curies":[{"name":"wp","href":"https:\/\/api.w.org\/{rel}","templated":true}]}}