{"id":3363,"date":"2022-04-29T02:49:49","date_gmt":"2022-04-29T02:49:49","guid":{"rendered":"http:\/\/hotelezeiza.local\/hotela\/"},"modified":"2022-12-28T11:18:43","modified_gmt":"2022-12-28T11:18:43","slug":"hotela","status":"publish","type":"page","link":"https:\/\/hotelezeiza.com\/eu\/hotela\/","title":{"rendered":"Hotela"},"content":{"rendered":"\t\t<div data-elementor-type=\"wp-page\" data-elementor-id=\"3363\" class=\"elementor elementor-3363 elementor-76\">\n\t\t\t\t\t\t<section class=\"elementor-section elementor-top-section elementor-element elementor-element-a5ea5a6 elementor-section-full_width elementor-section-height-default elementor-section-height-default\" data-id=\"a5ea5a6\" data-element_type=\"section\" data-e-type=\"section\">\n\t\t\t\t\t\t<div class=\"elementor-container elementor-column-gap-no\">\n\t\t\t\t\t<div class=\"elementor-column elementor-col-100 elementor-top-column elementor-element elementor-element-40a22b6\" data-id=\"40a22b6\" data-element_type=\"column\" data-e-type=\"column\">\n\t\t\t<div class=\"elementor-widget-wrap elementor-element-populated\">\n\t\t\t\t\t\t<div class=\"elementor-element elementor-element-0790f65 elementor-align-left elementor-widget elementor-widget-pages-banner\" data-id=\"0790f65\" data-element_type=\"widget\" data-e-type=\"widget\" data-widget_type=\"pages-banner.default\">\n\t\t\t\t<div class=\"elementor-widget-container\">\n\t\t\t\t\t\r\n\t\t\t\t<div class=\"banner-header section-padding valign bg-img bg-fixed\" data-overlay-dark=\"4\" data-background=\"https:\/\/hotelezeiza.com\/wp-content\/uploads\/2022\/11\/Hotel-ezeiza-san-sebastian-per_1920x1080.jpg\">\r\n\t\t\t\t\t<div class=\"container\">\r\n\t\t\t\t<div class=\"row\">\r\n\t\t\t\t\t<div class=\"col-md-12 caption mt-90\">\r\n\t\t\t\t\t\t\t\t\t\t\t\t\t\t\t\t\t\t<h1>Hotela<\/h1>\r\n\t\t\t\t\t\t\t\t\t\t\t<\/div>\r\n\t\t\t\t<\/div>\r\n\t\t\t<\/div>\r\n\t\t<\/div>\r\n\r\n\t\t\t\t\t<\/div>\n\t\t\t\t<\/div>\n\t\t\t\t\t<\/div>\n\t\t<\/div>\n\t\t\t\t\t<\/div>\n\t\t<\/section>\n\t\t\t\t<section class=\"elementor-section elementor-top-section elementor-element elementor-element-aa3fb66 elementor-section-full_width elementor-section-height-default elementor-section-height-default\" data-id=\"aa3fb66\" data-element_type=\"section\" data-e-type=\"section\">\n\t\t\t\t\t\t<div class=\"elementor-container elementor-column-gap-no\">\n\t\t\t\t\t<div class=\"elementor-column elementor-col-100 elementor-top-column elementor-element elementor-element-f447207\" data-id=\"f447207\" data-element_type=\"column\" data-e-type=\"column\">\n\t\t\t<div class=\"elementor-widget-wrap elementor-element-populated\">\n\t\t\t\t\t\t<div class=\"elementor-element elementor-element-e2d63b8 elementor-align-left elementor-widget elementor-widget-home-about\" data-id=\"e2d63b8\" data-element_type=\"widget\" data-e-type=\"widget\" data-widget_type=\"home-about.default\">\n\t\t\t\t<div class=\"elementor-widget-container\">\n\t\t\t\t\t\r\n\t\t<section class=\"about section-padding\">\r\n\t\t\t<h2 style=\"display: none!important;\">The Cappa<\/h2>\r\n\t\t\t<div class=\"container\">\r\n\t\t\t\t<div class=\"row\">\r\n\t\t\t\t\t<div class=\"col-md-6 mb-30 animate-box\" data-animate-effect=\"fadeInUp\">\r\n\t\t\t\t\t\t<span>\r\n\t\t\t\t\t\t\t\t\t\t\t\t\t\t\t<i class=\"star-rating\"><\/i>\r\n\t\t\t\t\t\t\t\t<i class=\"star-rating\"><\/i>\r\n\t\t\t\t\t\t\t\t\t\t\t\t\t<\/span>\r\n\t\t\t\t\t\t\t\t\t\t\t\t<div class=\"section-subtitle\">HOTEL EZEIZA<\/div>\r\n\t\t\t\t\t\t\t\t\t\t\t\t\t\t\t\t\t\t<div class=\"section-title\">Leku erosoa hondartza ondoan<\/div>\r\n\t\t\t\t\t\t\t\t\t\t\t\t\t\t\t\t\t\t<p> 30 gela ezberdin ditugu gehien gustatzen zaizuna aukera dezazun. Bikoitzak, bikoitzak itsasora begira, banakoak, bikoitzak sofa-ohe batekin eta baita famili logelak ere.<\/p>\t\t\t\t\t\t\t\t\t\t\t\t<!-- call -->\r\n\t\t\t\t\t\t\t\t\t\t\t\t<div class=\"reservations\">\r\n\t\t\t\t\t\t\t<div class=\"icon\"><span class=\"flaticon-call\"><\/span><\/div>\r\n\t\t\t\t\t\t\t<div class=\"text\">\r\n\t\t\t\t\t\t\t\t<p>Erreserbak<\/p> <a href=\"tel:943 214 311\">943 214 311<\/a>\t\t\t\t\t\t\t<\/div>\r\n\t\t\t\t\t\t<\/div>\r\n\t\t\t\t\t\t\t\t\t\t\t<\/div>\r\n\t\t\t\t\t\t\t\t\t\t<div class=\"col col-md-3 animate-box\" data-animate-effect=\"fadeInUp\">\r\n\t\t\t\t\t\t<img decoding=\"async\" src=\"https:\/\/hotelezeiza.com\/wp-content\/uploads\/2022\/11\/habitacion_doble-basic.png\" alt=\"\" class=\"mt-90 mb-30\">\r\n\t\t\t\t\t<\/div>\r\n\t\t\t\t\t\t\t\t\t\t\t\t\t\t\t<div class=\"col col-md-3 animate-box\" data-animate-effect=\"fadeInUp\">\r\n\t\t\t\t\t\t<img decoding=\"async\" src=\"https:\/\/hotelezeiza.com\/wp-content\/uploads\/2022\/11\/habitacion_doble.png\" alt=\"\">\r\n\t\t\t\t\t<\/div>\r\n\t\t\t\t\t\t\t\t\t<\/div>\r\n\t\t\t<\/div>\r\n\t\t<\/section>\r\n\r\n\t\t\t\t\t<\/div>\n\t\t\t\t<\/div>\n\t\t\t\t\t<\/div>\n\t\t<\/div>\n\t\t\t\t\t<\/div>\n\t\t<\/section>\n\t\t\t\t<section class=\"elementor-section elementor-top-section elementor-element elementor-element-c6043d9 elementor-section-full_width elementor-section-height-default elementor-section-height-default\" data-id=\"c6043d9\" data-element_type=\"section\" data-e-type=\"section\">\n\t\t\t\t\t\t<div class=\"elementor-container elementor-column-gap-no\">\n\t\t\t\t\t<div class=\"elementor-column elementor-col-100 elementor-top-column elementor-element elementor-element-f9b03d5\" data-id=\"f9b03d5\" data-element_type=\"column\" data-e-type=\"column\">\n\t\t\t<div class=\"elementor-widget-wrap elementor-element-populated\">\n\t\t\t\t\t\t<div class=\"elementor-element elementor-element-601a075 elementor-align-center elementor-widget elementor-widget-home-services\" data-id=\"601a075\" data-element_type=\"widget\" data-e-type=\"widget\" data-widget_type=\"home-services.default\">\n\t\t\t\t<div class=\"elementor-widget-container\">\n\t\t\t\t\t\r\n\t\t<section class=\"facilties section-padding\">\r\n\t\t\t<div class=\"container\">\r\n\t\t\t\t<div class=\"row\">\r\n\t\t\t\t\t<div class=\"col-md-12\">\r\n\t\t\t\t\t\t\t\t\t\t\t\t\t<div class=\"section-subtitle\">Gure zerbitzuak<\/div>\r\n\t\t\t\t\t\t\t\t\t\t\t\t\t\t\t\t\t\t\t<div class=\"section-title\">Zure egonaldia ezin hobea izan dadin.<\/div>\r\n\t\t\t\t\t\t\t\t\t\t\t<\/div>\r\n\t\t\t\t<\/div>\r\n\t\t\t\t<div class=\"row\">\r\n\t\t\t\t\t\t\t\t\t\t\t<div class=\"col-md-4\">\r\n\t\t\t\t\t\t\t<div class=\"single-facility animate-box\" data-animate-effect=\"fadeInUp\">\r\n\t\t\t\t\t\t\t\t\t\t\t\t\t\t\t\t\t<span class=\"flaticon-marker\"><\/span>\r\n\t\t\t\t\t\t\t\t\t\t\t\t\t\t\t\t\t\t\t\t\t\t\t\t\t<h5>Hondartzatik oinez<\/h5>\r\n\t\t\t\t\t\t\t\t\t\t\t\t\t\t\t\t\t\t\t\t\t\t\t\t\t<p>Ondarreta hondartzaren aurrean aurkituko gaituzu.<\/p>\r\n\t\t\t\t\t\t\t\t\t\t\t\t\t\t\t\t\t\t\t\t\t\t\t\t\t<div class=\"facility-shape\">\r\n\t\t\t\t\t\t\t\t\t\t<span class=\"flaticon-marker\"><\/span> \r\n\t\t\t\t\t\t\t\t\t<\/div>\r\n\t\t\t\t\t\t\t\t\t\t\t\t\t\t\t<\/div>\r\n\t\t\t\t\t\t<\/div>\r\n\t\t\t\t\t\t\t\t\t\t\t<div class=\"col-md-4\">\r\n\t\t\t\t\t\t\t<div class=\"single-facility animate-box\" data-animate-effect=\"fadeInUp\">\r\n\t\t\t\t\t\t\t\t\t\t\t\t\t\t\t\t\t<span class=\"flaticon-car\"><\/span>\r\n\t\t\t\t\t\t\t\t\t\t\t\t\t\t\t\t\t\t\t\t\t\t\t\t\t<h5>Garaje pribatua<\/h5>\r\n\t\t\t\t\t\t\t\t\t\t\t\t\t\t\t\t\t\t\t\t\t\t\t\t\t<p>Garaje pribatua dugu gure bezeroentzat. Erreserbatu aldez aurretik (kostu gehigarria)<\/p>\r\n\t\t\t\t\t\t\t\t\t\t\t\t\t\t\t\t\t\t\t\t\t\t\t\t\t<div class=\"facility-shape\">\r\n\t\t\t\t\t\t\t\t\t\t<span class=\"flaticon-car\"><\/span> \r\n\t\t\t\t\t\t\t\t\t<\/div>\r\n\t\t\t\t\t\t\t\t\t\t\t\t\t\t\t<\/div>\r\n\t\t\t\t\t\t<\/div>\r\n\t\t\t\t\t\t\t\t\t\t\t<div class=\"col-md-4\">\r\n\t\t\t\t\t\t\t<div class=\"single-facility animate-box\" data-animate-effect=\"fadeInUp\">\r\n\t\t\t\t\t\t\t\t\t\t\t\t\t\t\t\t\t<span class=\"flaticon-bed\"><\/span>\r\n\t\t\t\t\t\t\t\t\t\t\t\t\t\t\t\t\t\t\t\t\t\t\t\t\t<h5>Garbitegi zerbitzua<\/h5>\r\n\t\t\t\t\t\t\t\t\t\t\t\t\t\t\t\t\t\t\t\t\t\t\t\t\t<p>Jantziren bat garbitu behar baduzu, jarri gurekin harremanetan.<\/p>\r\n\t\t\t\t\t\t\t\t\t\t\t\t\t\t\t\t\t\t\t\t\t\t\t\t\t<div class=\"facility-shape\">\r\n\t\t\t\t\t\t\t\t\t\t<span class=\"flaticon-bed\"><\/span> \r\n\t\t\t\t\t\t\t\t\t<\/div>\r\n\t\t\t\t\t\t\t\t\t\t\t\t\t\t\t<\/div>\r\n\t\t\t\t\t\t<\/div>\r\n\t\t\t\t\t\t\t\t\t\t\t<div class=\"col-md-4\">\r\n\t\t\t\t\t\t\t<div class=\"single-facility animate-box\" data-animate-effect=\"fadeInUp\">\r\n\t\t\t\t\t\t\t\t\t\t\t\t\t\t\t\t\t<span class=\"flaticon-towel\"><\/span>\r\n\t\t\t\t\t\t\t\t\t\t\t\t\t\t\t\t\t\t\t\t\t\t\t\t\t<h5>Baliza biltegia<\/h5>\r\n\t\t\t\t\t\t\t\t\t\t\t\t\t\t\t\t\t\t\t\t\t\t\t\t\t<p>Harreran eskuragarri. <br> <br> <\/p>\r\n\t\t\t\t\t\t\t\t\t\t\t\t\t\t\t\t\t\t\t\t\t\t\t\t\t<div class=\"facility-shape\">\r\n\t\t\t\t\t\t\t\t\t\t<span class=\"flaticon-towel\"><\/span> \r\n\t\t\t\t\t\t\t\t\t<\/div>\r\n\t\t\t\t\t\t\t\t\t\t\t\t\t\t\t<\/div>\r\n\t\t\t\t\t\t<\/div>\r\n\t\t\t\t\t\t\t\t\t\t\t<div class=\"col-md-4\">\r\n\t\t\t\t\t\t\t<div class=\"single-facility animate-box\" data-animate-effect=\"fadeInUp\">\r\n\t\t\t\t\t\t\t\t\t\t\t\t\t\t\t\t\t<span class=\"flaticon-shield\"><\/span>\r\n\t\t\t\t\t\t\t\t\t\t\t\t\t\t\t\t\t\t\t\t\t\t\t\t\t<h5>Consigna de equipaje<\/h5>\r\n\t\t\t\t\t\t\t\t\t\t\t\t\t\t\t\t\t\t\t\t\t\t\t\t\t<p>Disponible en recepci\u00f3n. <br> <br> <br><\/p>\r\n\t\t\t\t\t\t\t\t\t\t\t\t\t\t\t\t\t\t\t\t\t\t\t\t\t<div class=\"facility-shape\">\r\n\t\t\t\t\t\t\t\t\t\t<span class=\"flaticon-shield\"><\/span> \r\n\t\t\t\t\t\t\t\t\t<\/div>\r\n\t\t\t\t\t\t\t\t\t\t\t\t\t\t\t<\/div>\r\n\t\t\t\t\t\t<\/div>\r\n\t\t\t\t\t\t\t\t\t\t\t<div class=\"col-md-4\">\r\n\t\t\t\t\t\t\t<div class=\"single-facility animate-box\" data-animate-effect=\"fadeInUp\">\r\n\t\t\t\t\t\t\t\t\t\t\t\t\t\t\t\t\t<span class=\"flaticon-coffee-cup\"><\/span>\r\n\t\t\t\t\t\t\t\t\t\t\t\t\t\t\t\t\t\t\t\t\t\t\t\t\t<h5>Kafetegia&amp;Jatetxea<\/h5>\r\n\t\t\t\t\t\t\t\t\t\t\t\t\t\t\t\t\t\t\t\t\t\t\t\t\t<p>Gosaltzeko, bazkarirako eta afarirako eskaintza gastronomiko zabala. <br> A-O: 7:30-23:00h   | S-D: 8:00-23:00h<\/p>\r\n\t\t\t\t\t\t\t\t\t\t\t\t\t\t\t\t\t\t\t\t\t\t\t\t\t<div class=\"facility-shape\">\r\n\t\t\t\t\t\t\t\t\t\t<span class=\"flaticon-coffee-cup\"><\/span> \r\n\t\t\t\t\t\t\t\t\t<\/div>\r\n\t\t\t\t\t\t\t\t\t\t\t\t\t\t\t<\/div>\r\n\t\t\t\t\t\t<\/div>\r\n\t\t\t\t\t\t\t\t\t<\/div>\r\n\t\t\t<\/div>\r\n\t\t<\/section>\r\n\r\n\t\t\t\t\t<\/div>\n\t\t\t\t<\/div>\n\t\t\t\t\t<\/div>\n\t\t<\/div>\n\t\t\t\t\t<\/div>\n\t\t<\/section>\n\t\t\t\t<section class=\"elementor-section elementor-top-section elementor-element elementor-element-4937052 testimonials elementor-section-boxed elementor-section-height-default elementor-section-height-default\" data-id=\"4937052\" data-element_type=\"section\" data-e-type=\"section\" data-settings=\"{&quot;background_background&quot;:&quot;classic&quot;}\">\n\t\t\t\t\t\t<div class=\"elementor-container elementor-column-gap-default\">\n\t\t\t\t\t<div class=\"elementor-column elementor-col-50 elementor-top-column elementor-element elementor-element-801a8a5\" data-id=\"801a8a5\" data-element_type=\"column\" data-e-type=\"column\">\n\t\t\t<div class=\"elementor-widget-wrap elementor-element-populated\">\n\t\t\t\t\t\t<div class=\"elementor-element elementor-element-0a6304e elementor-widget elementor-widget-spacer\" data-id=\"0a6304e\" data-element_type=\"widget\" data-e-type=\"widget\" data-widget_type=\"spacer.default\">\n\t\t\t\t<div class=\"elementor-widget-container\">\n\t\t\t\t\t\t\t<div class=\"elementor-spacer\">\n\t\t\t<div class=\"elementor-spacer-inner\"><\/div>\n\t\t<\/div>\n\t\t\t\t\t\t<\/div>\n\t\t\t\t<\/div>\n\t\t\t\t\t<\/div>\n\t\t<\/div>\n\t\t\t\t<div class=\"elementor-column elementor-col-50 elementor-top-column elementor-element elementor-element-9a55470\" data-id=\"9a55470\" data-element_type=\"column\" data-e-type=\"column\">\n\t\t\t<div class=\"elementor-widget-wrap elementor-element-populated\">\n\t\t\t\t\t\t<div class=\"elementor-element elementor-element-3c46c4b elementor-absolute elementor-widget elementor-widget-html\" data-id=\"3c46c4b\" data-element_type=\"widget\" data-e-type=\"widget\" id=\"booking-box\" data-settings=\"{&quot;_position&quot;:&quot;absolute&quot;}\" data-widget_type=\"html.default\">\n\t\t\t\t<div class=\"elementor-widget-container\">\n\t\t\t\t\t<div class=\"booking-inner\">\n<form action=\"https:\/\/engine.witbooking.com\/hotelezeiza.com\/availability\" method=\"get\" target=\"_blank\" class=\"wpcf7-form init\">\n<div class=\"form1 clearfix\">\n<div class=\"row\">\n<div class=\"col-md-12\">\n<div class=\"input1_wrapper\">\n    <label>Check in<\/label>\n    <div class=\"input1_inner\">\n        <span class=\"wpcf7-form-control-wrap\" data-name=\"check-in\"><input type=\"date\" name=\"fini\" value=\"\" size=\"40\" class=\"wpcf7-form-control wpcf7-text wpcf7-validates-as-required form-control input datepicker hasDatepicker\" placeholder=\"Etorrera\"><\/span>\n    <\/div>\n<\/div>\n<\/div>\n<div class=\"col-md-12\">\n<div class=\"input1_wrapper\">\n    <label>Check out<\/label>\n    <div class=\"input1_inner\">\n        <span class=\"wpcf7-form-control-wrap\" data-name=\"check-out\"><input type=\"date\" name=\"fout\" value=\"\" size=\"40\" class=\"wpcf7-form-control wpcf7-text wpcf7-validates-as-required form-control input datepicker hasDatepicker\" placeholder=\"Irteera\"><\/span>\n    <\/div>\n<\/div>\n<\/div>\n<div class=\"col-md-6\">\n<div class=\"select1_wrapper\">\n    <label>Pertsonak<\/label>\n    <div class=\"select1_inner\">\n        <span class=\"wpcf7-form-control-wrap\" data-name=\"personas\">\n        <select name=\"personas\" class=\"select2\">\n            <option value=\"\">Pertsonak<\/option>\n            <option value=\"1\">1<\/option>\n            <option value=\"2\">2<\/option>\n            <option value=\"3\">3<\/option>\n        <\/select>\n        <\/span>\n    <\/div>\n<\/div>\n<\/div>\n<div class=\"col-md-12\">\n    <input type=\"submit\" value=\"Erabilgarritasuna bilatu\" class=\"wpcf7-form-control has-spinner wpcf7-submit btn-form1-submit mt-15\"><span class=\"wpcf7-spinner\"><\/span>\n<\/div>\n<\/div>\n<\/div>\n<\/form>\n<\/div>\n\n<script>\n$(document).ready(function() {\n    $('#adultos').select2();\n    $('#ninos').select2();\n});\n<\/script>\t\t\t\t<\/div>\n\t\t\t\t<\/div>\n\t\t\t\t\t<\/div>\n\t\t<\/div>\n\t\t\t\t\t<\/div>\n\t\t<\/section>\n\t\t\t\t<section class=\"elementor-section elementor-top-section elementor-element elementor-element-1b0b662 elementor-section-boxed elementor-section-height-default elementor-section-height-default\" data-id=\"1b0b662\" data-element_type=\"section\" data-e-type=\"section\">\n\t\t\t\t\t\t<div class=\"elementor-container elementor-column-gap-default\">\n\t\t\t\t\t<div class=\"elementor-column elementor-col-100 elementor-top-column elementor-element elementor-element-9cfe330\" data-id=\"9cfe330\" data-element_type=\"column\" data-e-type=\"column\">\n\t\t\t<div class=\"elementor-widget-wrap elementor-element-populated\">\n\t\t\t\t\t\t<div class=\"elementor-element elementor-element-2b6ea69 elementor-align-center elementor-widget elementor-widget-home-services-2\" data-id=\"2b6ea69\" data-element_type=\"widget\" data-e-type=\"widget\" data-widget_type=\"home-services-2.default\">\n\t\t\t\t<div class=\"elementor-widget-container\">\n\t\t\t\t\t\r\n\t\t<section class=\"services section-padding\">\r\n\t\t\t<div class=\"container\">\r\n\t\t\t\t\t\t\t\t\t\t\t\t\t\t\t<div class=\"row\">\r\n\t\t\t\t\t\t\t<div class=\"col-md-6 p-0 animate-box\" data-animate-effect=\"fadeInLeft\">\r\n\t\t\t\t\t\t\t\t\t\t\t\t\t\t\t\t\t<div class=\"img left\">\r\n\t\t\t\t\t\t\t\t\t\t<a href=\"\/cafeteria-restaurante\/\"><img decoding=\"async\" src=\"https:\/\/hotelezeiza.com\/wp-content\/uploads\/2022\/11\/hotel-ezeiza_inicio_ensaladilla.png\" alt=\"\"><\/a>\r\n\t\t\t\t\t\t\t\t\t<\/div>\r\n\t\t\t\t\t\t\t\t\t\t\t\t\t\t\t<\/div>\r\n\t\t\t\t\t\t\t\t\t\t\t\t\t\t<div class=\"col-md-6 p-0 bg-cream valign animate-box\" data-animate-effect=\"fadeInRight\">\r\n\t\t\t\t\t\t\t\t \r\n\t\t\t\t\t\t\t\t<div class=\"content\">\r\n\t\t\t\t\t\t\t\t\t<div class=\"cont text-left\">\r\n\t\t\t\t\t\t\t\t\t\t\t\t\t\t\t\t\t\t\t\t\t\t\t\t\t\t\t\t\t\t\t<h4>Cafeter\u00eda &amp; Restaurante<\/h4>\r\n\t\t\t\t\t\t\t\t\t\t\t\t\t\t\t\t\t\t\t\t\t\t\t\t\t\t\t\t\t\t\t<p>Una amplia oferta gastron\u00f3mica preparada con mucho mimo y cari\u00f1o, apta para todo tipo de paladares.<\/p>\r\n\t\t\t\t\t\t\t\t\t\t\t\t\t\t\t\t\t\t\t\t\t\t\t\t\t\t\t\t\t\t\t<div class=\"butn-dark\"> <a href=\"\/cafeteria-restaurante\/\"><span>VER M\u00c1S<\/span><\/a> <\/div>\r\n\t\t\t\t\t\t\t\t\t\t\t\t\t\t\t\t\t\t\t<\/div>\r\n\t\t\t\t\t\t\t\t<\/div>\r\n\t\t\t\t\t\t\t<\/div>\r\n\t\t\t\t\t\t<\/div>\r\n\t\t\t\t\t\t\t\t\t\t\t\t\t\t\t\t\t\t\t\t\t\t\t<div class=\"row\">\r\n\t\t\t\t\t\t\t\t\t\t\t\t\t\t\t\t<div class=\"col-md-6 bg-cream p-0 order2 valign animate-box\" data-animate-effect=\"fadeInLeft\">\r\n\t\t\t\t\t\t\t\t\t \r\n\t\t\t\t\t\t\t\t\t<div class=\"content\">\r\n\t\t\t\t\t\t\t\t\t\t<div class=\"cont text-left\">\r\n\t\t\t\t\t\t\t\t\t\t\t\t\t\t\t\t\t\t\t\t\t\t\t\t\t\t\t\t\t\t\t\t\t\t<h4>Una experiencia \u00fanica<\/h4>\r\n\t\t\t\t\t\t\t\t\t\t\t\t\t\t\t\t\t\t\t\t\t\t\t\t\t\t\t\t\t\t\t\t\t\t<p>Siente Donostia-San Sebasti\u00e1n. Una ciudad de cine llena de historia, cultura y gastronom\u00eda. Te invitamos a conocer los lugares m\u00e1s emblem\u00e1ticos de unas de las joyas del pa\u00eds. <\/p>\r\n\t\t\t\t\t\t\t\t\t\t\t\t\t\t\t\t\t\t\t\t\t\t\t\t\t\t\t\t\t\t\t\t\t\t<div class=\"butn-dark\"> <a href=\"\/conoce-donostia\/\"><span>DONOSTIA<\/span><\/a> <\/div>\r\n\t\t\t\t\t\t\t\t\t\t\t\t\t\t\t\t\t\t\t\t\t<\/div>\r\n\t\t\t\t\t\t\t\t\t<\/div>\r\n\t\t\t\t\t\t\t\t<\/div>\r\n\t\t\t\t\t\t\t\t<div class=\"col-md-6 p-0 order1 animate-box\" data-animate-effect=\"fadeInRight\">\r\n\t\t\t\t\t\t\t\t\t\t\t\t\t\t\t\t\t\t\t<div class=\"img\">\r\n\t\t\t\t\t\t\t\t\t\t\t<a href=\"\/conoce-donostia\/\"><img decoding=\"async\" src=\"https:\/\/hotelezeiza.com\/wp-content\/uploads\/2022\/11\/kylie-paz-bErakFA8-dc-unsplash-scaled.jpg\" alt=\"\"><\/a>\r\n\t\t\t\t\t\t\t\t\t\t<\/div>\r\n\t\t\t\t\t\t\t\t\t\t\t\t\t\t\t\t\t<\/div>\r\n\t\t\t\t\t\t\t<\/div>\r\n\t\t\t\t\t\t\t\t\t\t\t\t\t\t\t<\/div>\r\n\t\t\t<\/section>\r\n\r\n\r\n\t\t\t\t\t<\/div>\n\t\t\t\t<\/div>\n\t\t\t\t\t<\/div>\n\t\t<\/div>\n\t\t\t\t\t<\/div>\n\t\t<\/section>\n\t\t\t\t<\/div>\n\t\t","protected":false},"excerpt":{"rendered":"<p>Hotela The Cappa HOTEL EZEIZA Leku erosoa hondartza ondoan 30 gela ezberdin ditugu gehien gustatzen zaizuna aukera dezazun. Bikoitzak, bikoitzak itsasora begira, banakoak, bikoitzak sofa-ohe batekin eta baita famili logelak ere. Erreserbak 943 214 311 Gure zerbitzuak Zure egonaldia ezin hobea izan dadin. Hondartzatik oinez Ondarreta hondartzaren aurrean aurkituko gaituzu. Garaje pribatua Garaje pribatua dugu [&hellip;]<\/p>\n","protected":false},"author":1,"featured_media":3091,"parent":0,"menu_order":0,"comment_status":"closed","ping_status":"closed","template":"page-templates\/home.php","meta":{"footnotes":""},"class_list":["post-3363","page","type-page","status-publish","has-post-thumbnail","hentry"],"yoast_head":"<!-- This site is optimized with the Yoast SEO plugin v27.0 - https:\/\/yoast.com\/product\/yoast-seo-wordpress\/ -->\n<title>Nuestro Hotel - Hotel Ezeiza<\/title>\n<meta name=\"description\" content=\"Hotela Ondarretako hondartzan kokatuta dago, egonaldi erosoa izan dadin gure bezeroentzako zerbitzu eta logela ugari ditugu.\" \/>\n<meta name=\"robots\" content=\"index, follow, max-snippet:-1, max-image-preview:large, max-video-preview:-1\" \/>\n<link rel=\"canonical\" href=\"https:\/\/hotelezeiza.com\/eu\/hotela\/\" \/>\n<meta property=\"og:locale\" content=\"eu_ES\" \/>\n<meta property=\"og:type\" content=\"article\" \/>\n<meta property=\"og:title\" content=\"Nuestro Hotel - Hotel Ezeiza\" \/>\n<meta property=\"og:description\" content=\"Hotela Ondarretako hondartzan kokatuta dago, egonaldi erosoa izan dadin gure bezeroentzako zerbitzu eta logela ugari ditugu.\" \/>\n<meta property=\"og:url\" content=\"https:\/\/hotelezeiza.com\/eu\/hotela\/\" \/>\n<meta property=\"og:site_name\" content=\"Hotel Ezeiza\" \/>\n<meta property=\"article:modified_time\" content=\"2022-12-28T11:18:43+00:00\" \/>\n<meta property=\"og:image\" content=\"https:\/\/hotelezeiza.com\/wp-content\/uploads\/2022\/11\/hotel-ezeiza_inicio_exterior.png\" \/>\n\t<meta property=\"og:image:width\" content=\"800\" \/>\n\t<meta property=\"og:image:height\" content=\"800\" \/>\n\t<meta property=\"og:image:type\" content=\"image\/png\" \/>\n<meta name=\"twitter:card\" content=\"summary_large_image\" \/>\n<meta name=\"twitter:label1\" content=\"Est. reading time\" \/>\n\t<meta name=\"twitter:data1\" content=\"2 minutes\" \/>\n<script type=\"application\/ld+json\" class=\"yoast-schema-graph\">{\"@context\":\"https:\/\/schema.org\",\"@graph\":[{\"@type\":\"WebPage\",\"@id\":\"https:\/\/hotelezeiza.com\/eu\/hotela\/\",\"url\":\"https:\/\/hotelezeiza.com\/eu\/hotela\/\",\"name\":\"Nuestro Hotel - Hotel Ezeiza\",\"isPartOf\":{\"@id\":\"https:\/\/hotelezeiza.com\/#website\"},\"primaryImageOfPage\":{\"@id\":\"https:\/\/hotelezeiza.com\/eu\/hotela\/#primaryimage\"},\"image\":{\"@id\":\"https:\/\/hotelezeiza.com\/eu\/hotela\/#primaryimage\"},\"thumbnailUrl\":\"https:\/\/hotelezeiza.com\/wp-content\/uploads\/2022\/11\/hotel-ezeiza_inicio_exterior.png\",\"datePublished\":\"2022-04-29T02:49:49+00:00\",\"dateModified\":\"2022-12-28T11:18:43+00:00\",\"description\":\"Hotela Ondarretako hondartzan kokatuta dago, egonaldi erosoa izan dadin gure bezeroentzako zerbitzu eta logela ugari ditugu.\",\"breadcrumb\":{\"@id\":\"https:\/\/hotelezeiza.com\/eu\/hotela\/#breadcrumb\"},\"inLanguage\":\"eu-ES\",\"potentialAction\":[{\"@type\":\"ReadAction\",\"target\":[\"https:\/\/hotelezeiza.com\/eu\/hotela\/\"]}]},{\"@type\":\"ImageObject\",\"inLanguage\":\"eu-ES\",\"@id\":\"https:\/\/hotelezeiza.com\/eu\/hotela\/#primaryimage\",\"url\":\"https:\/\/hotelezeiza.com\/wp-content\/uploads\/2022\/11\/hotel-ezeiza_inicio_exterior.png\",\"contentUrl\":\"https:\/\/hotelezeiza.com\/wp-content\/uploads\/2022\/11\/hotel-ezeiza_inicio_exterior.png\",\"width\":800,\"height\":800},{\"@type\":\"BreadcrumbList\",\"@id\":\"https:\/\/hotelezeiza.com\/eu\/hotela\/#breadcrumb\",\"itemListElement\":[{\"@type\":\"ListItem\",\"position\":1,\"name\":\"Portada\",\"item\":\"https:\/\/hotelezeiza.com\/eu\/\"},{\"@type\":\"ListItem\",\"position\":2,\"name\":\"Hotela\"}]},{\"@type\":\"WebSite\",\"@id\":\"https:\/\/hotelezeiza.com\/#website\",\"url\":\"https:\/\/hotelezeiza.com\/\",\"name\":\"Hotel Ezeiza\",\"description\":\"Hotel familiar situado en primera l\u00ednea de Playa\",\"potentialAction\":[{\"@type\":\"SearchAction\",\"target\":{\"@type\":\"EntryPoint\",\"urlTemplate\":\"https:\/\/hotelezeiza.com\/?s={search_term_string}\"},\"query-input\":{\"@type\":\"PropertyValueSpecification\",\"valueRequired\":true,\"valueName\":\"search_term_string\"}}],\"inLanguage\":\"eu-ES\"}]}<\/script>\n<!-- \/ Yoast SEO plugin. -->","yoast_head_json":{"title":"Nuestro Hotel - Hotel Ezeiza","description":"Hotela Ondarretako hondartzan kokatuta dago, egonaldi erosoa izan dadin gure bezeroentzako zerbitzu eta logela ugari ditugu.","robots":{"index":"index","follow":"follow","max-snippet":"max-snippet:-1","max-image-preview":"max-image-preview:large","max-video-preview":"max-video-preview:-1"},"canonical":"https:\/\/hotelezeiza.com\/eu\/hotela\/","og_locale":"eu_ES","og_type":"article","og_title":"Nuestro Hotel - Hotel Ezeiza","og_description":"Hotela Ondarretako hondartzan kokatuta dago, egonaldi erosoa izan dadin gure bezeroentzako zerbitzu eta logela ugari ditugu.","og_url":"https:\/\/hotelezeiza.com\/eu\/hotela\/","og_site_name":"Hotel Ezeiza","article_modified_time":"2022-12-28T11:18:43+00:00","og_image":[{"width":800,"height":800,"url":"https:\/\/hotelezeiza.com\/wp-content\/uploads\/2022\/11\/hotel-ezeiza_inicio_exterior.png","type":"image\/png"}],"twitter_card":"summary_large_image","twitter_misc":{"Est. reading time":"2 minutes"},"schema":{"@context":"https:\/\/schema.org","@graph":[{"@type":"WebPage","@id":"https:\/\/hotelezeiza.com\/eu\/hotela\/","url":"https:\/\/hotelezeiza.com\/eu\/hotela\/","name":"Nuestro Hotel - Hotel Ezeiza","isPartOf":{"@id":"https:\/\/hotelezeiza.com\/#website"},"primaryImageOfPage":{"@id":"https:\/\/hotelezeiza.com\/eu\/hotela\/#primaryimage"},"image":{"@id":"https:\/\/hotelezeiza.com\/eu\/hotela\/#primaryimage"},"thumbnailUrl":"https:\/\/hotelezeiza.com\/wp-content\/uploads\/2022\/11\/hotel-ezeiza_inicio_exterior.png","datePublished":"2022-04-29T02:49:49+00:00","dateModified":"2022-12-28T11:18:43+00:00","description":"Hotela Ondarretako hondartzan kokatuta dago, egonaldi erosoa izan dadin gure bezeroentzako zerbitzu eta logela ugari ditugu.","breadcrumb":{"@id":"https:\/\/hotelezeiza.com\/eu\/hotela\/#breadcrumb"},"inLanguage":"eu-ES","potentialAction":[{"@type":"ReadAction","target":["https:\/\/hotelezeiza.com\/eu\/hotela\/"]}]},{"@type":"ImageObject","inLanguage":"eu-ES","@id":"https:\/\/hotelezeiza.com\/eu\/hotela\/#primaryimage","url":"https:\/\/hotelezeiza.com\/wp-content\/uploads\/2022\/11\/hotel-ezeiza_inicio_exterior.png","contentUrl":"https:\/\/hotelezeiza.com\/wp-content\/uploads\/2022\/11\/hotel-ezeiza_inicio_exterior.png","width":800,"height":800},{"@type":"BreadcrumbList","@id":"https:\/\/hotelezeiza.com\/eu\/hotela\/#breadcrumb","itemListElement":[{"@type":"ListItem","position":1,"name":"Portada","item":"https:\/\/hotelezeiza.com\/eu\/"},{"@type":"ListItem","position":2,"name":"Hotela"}]},{"@type":"WebSite","@id":"https:\/\/hotelezeiza.com\/#website","url":"https:\/\/hotelezeiza.com\/","name":"Hotel Ezeiza","description":"Hotel familiar situado en primera l\u00ednea de Playa","potentialAction":[{"@type":"SearchAction","target":{"@type":"EntryPoint","urlTemplate":"https:\/\/hotelezeiza.com\/?s={search_term_string}"},"query-input":{"@type":"PropertyValueSpecification","valueRequired":true,"valueName":"search_term_string"}}],"inLanguage":"eu-ES"}]}},"_links":{"self":[{"href":"https:\/\/hotelezeiza.com\/eu\/wp-json\/wp\/v2\/pages\/3363","targetHints":{"allow":["GET"]}}],"collection":[{"href":"https:\/\/hotelezeiza.com\/eu\/wp-json\/wp\/v2\/pages"}],"about":[{"href":"https:\/\/hotelezeiza.com\/eu\/wp-json\/wp\/v2\/types\/page"}],"author":[{"embeddable":true,"href":"https:\/\/hotelezeiza.com\/eu\/wp-json\/wp\/v2\/users\/1"}],"replies":[{"embeddable":true,"href":"https:\/\/hotelezeiza.com\/eu\/wp-json\/wp\/v2\/comments?post=3363"}],"version-history":[{"count":19,"href":"https:\/\/hotelezeiza.com\/eu\/wp-json\/wp\/v2\/pages\/3363\/revisions"}],"predecessor-version":[{"id":3996,"href":"https:\/\/hotelezeiza.com\/eu\/wp-json\/wp\/v2\/pages\/3363\/revisions\/3996"}],"wp:featuredmedia":[{"embeddable":true,"href":"https:\/\/hotelezeiza.com\/eu\/wp-json\/wp\/v2\/media\/3091"}],"wp:attachment":[{"href":"https:\/\/hotelezeiza.com\/eu\/wp-json\/wp\/v2\/media?parent=3363"}],"curies":[{"name":"wp","href":"https:\/\/api.w.org\/{rel}","templated":true}]}}